{"id":865,"date":"2018-07-03T12:44:20","date_gmt":"2018-07-03T15:44:20","guid":{"rendered":"https:\/\/isfader-cba.infd.edu.ar\/sitio\/la-escuela\/"},"modified":"2021-11-25T11:50:17","modified_gmt":"2021-11-25T14:50:17","slug":"la-escuela","status":"publish","type":"page","link":"https:\/\/isfader-cba.infd.edu.ar\/sitio\/la-escuela\/","title":{"rendered":"La Escuela"},"content":{"rendered":"<p style=\"text-align: center;\"><strong><em><u>Breve Historia Institucional<\/u><\/em><\/strong><\/p>\n<p><em>En la \u201cpampa gringa\u201d, se encuentra ubicada la ciudad de Bell Ville, antigua Posta de Fraile Muerto que se situaba sobre la ruta del Camino Real, actualmente en el Sudeste de la Provincia de C\u00f3rdoba. \u00a0Cuna de la invenci\u00f3n de la pelota de f\u00fatbol sin tiento, con la que se juega al futbol en la actualidad, motivo por el cual recientemente fue declarada \u201cCapital Nacional de la Pelota de F\u00fatbol\u201d<\/em><\/p>\n<p><em>De la Sociedad bellvillense surgieron importantes personalidades como Hilario Ascasubi, Francisco Tau, Ponciano Vivanco, Rub\u00e9n M\u00e1rquez, Polo, Tossolini y Balvonesi, Artemio y Henry Ar\u00e1n, Mart\u00edn Malharro, Alberto P\u00edo Cognini, Magdalen Liddle, Elio Zarini, Mario Alberto Kempes, Sandra Myrna D\u00edaz, \u00a0como tantas otras destacadas figuras de la pol\u00edtica, la ciencia, las letras , el deporte y las artes. Entre todos ellos surge adem\u00e1s la figura del artista pl\u00e1stico Enrique Vinuesa, referente cultural de toda una \u00e9poca.<\/em><\/p>\n<p><em>La Escuela Superior de Bellas Artes \u201cFernando Fader\u201d, originalmente \u201cAcademia de Bellas Artes\u201d, fue impulsada en el a\u00f1o 1942, por \u00e9l quien hab\u00eda egresado como Maestro de Dibujo y Pintura de la Academia Provincial de Bellas Artes \u201c Dr. J. Figueroa Alcorta\u201d de C\u00f3rdoba Capital, y quien hace las gestiones ante el Diputado provincial \u201cLafourcade\u201d, obteniendo el decreto de creaci\u00f3n de la Academia de Bellas Artes en Bell Ville, un 9 de Junio de \u00a01942, donde adem\u00e1s se promovieron el nombramiento de los Profesores de Pintura y Escultura, con los Decretos N\u00ba 47797 sobre la Provisi\u00f3n de cargos y 48073 sobre el tribunal examinador. Es en ellos donde aparecen las designaciones de los Se\u00f1ores Enrique Vinuesa y Horacio Su\u00e1rez Serral, como profesores de Dibujo y Pintura y Dibujo y Escultura, respectivamente, siendo tambi\u00e9n nombrados, con car\u00e1cter Honorario, el Maestro Enrique Vinuesa como Director y el Prof. Horacio Su\u00e1rez como Secretario . Estos dos hombre idealistas y visionarios llevaron adelante solos esta tit\u00e1nica tarea, durante cinco dif\u00edciles a\u00f1os, abriendo caminos para la Ense\u00f1anza del Arte en Bell Ville y toda la regi\u00f3n.<\/em><\/p>\n<p><em>Primaron como objetivos, adem\u00e1s de la organizaci\u00f3n de la academia, incentivar las aspiraciones de j\u00f3venes atra\u00eddos por el arte, procurando el desarrollo de su sensibilidad est\u00e9tica y el acercamiento a t\u00e9cnicas espec\u00edficas de la expresi\u00f3n art\u00edstica: Dibujo, Pintura, Modelado, Croquis. Luego se agregar\u00e1 el estudio de Anatom\u00eda, m\u00e1s tarde el Taller de grabado y el dibujo lineal.<\/em><\/p>\n<p><em>En el a\u00f1o 1943, se elige al Pintor argentino \u201cFernando Fader\u201d, quien fuera un artista pl\u00e1stico de gran prestigio en esa \u00e9poca, para denominar a nuestra \u201cAcademia\u201d. Se promueve desde el ambiente de \u00e9sta, la creaci\u00f3n de una biblioteca escolar sobre arte y artistas, y la creaci\u00f3n de un Museo Municipal de Bellas Artes.<\/em><\/p>\n<p><em>La primera casa que alberg\u00f3 a este grupo de j\u00f3venes entusiastas estuvo ubicada en la segunda cuadra de la Calle Hip\u00f3lito Yrigoyen. Todav\u00eda se recuerda que era una vieja casona con grandes habitaciones de pisos de madera crujientes que se reun\u00edan alrededor de una sala central. Una vieja escalera de chapa simulaba subir hacia espacios inexistentes. Numerosas l\u00e1mparas con luces amarillentas iluminaban alg\u00fan florero o el infaltable mu\u00f1eco de madera.<\/em><\/p>\n<p><em>En 1955 Se Crea el Plan de Estudios \u00abMaestro de Dibujo\u00bb con materias como: Historia del Arte, Geometr\u00eda, Dibujo y Composici\u00f3n Decorativa.<\/em><\/p>\n<p><em>En 1964, se otorga el t\u00edtulo \u201cMaestro de Artes Pl\u00e1sticas\u201d, modific\u00e1ndose el plan seg\u00fan la estructura curricular de la Escuela Provincial de Bellas Artes de C\u00f3rdoba, incorpor\u00e1ndose nuevos profesores de aquella ciudad y de Rosario.<\/em><\/p>\n<p><em>A\u00f1os m\u00e1s tarde se incorporar\u00edan los \u201cTalleres Infantiles\u201d, los \u201cTalleres de Adultos\u201d, \u201cDecoraci\u00f3n de Interiores\u201d y \u201cDibujo Publicitario\u201d. <\/em><\/p>\n<p><em>Por problemas edilicios la Escuela debe mudarse a una nueva casa y se traslada a la primera cuadra de la calle Alem. All\u00ed los espacios eran m\u00e1s bajos y peque\u00f1os, y con poca luz natural pero intimistas y muy acogedores para continuar recibiendo cientos de alumnos que atra\u00eddos por el arte se formaron en sus aulas.<\/em><\/p>\n<p><em>Sin lugar a dudas el a\u00f1o 2001, marco un antes y un despu\u00e9s para la hist\u00f3rica Escuela de Bellas Artes porque se trasladar\u00eda a su propio y definitivo edificio donde funciona actualmente, en una edificio de grandes aulas, muy iluminadas, con amplios espacios para talleres, y emplazada en un contexto \u00fanico frente a las m\u00e1rgenes del R\u00edo Ctalamochita rodeado por una importante vegetaci\u00f3n. Este sue\u00f1o se complet\u00f3, siguiendo los ritmos de la transformaci\u00f3n educativa, \u00a0elevando sus ense\u00f1anzas de Nivel Medio a Nivel Superior, e incorporando nuevas ofertas educativas como el \u201cProfesorado de Artes Visuales\u201d y las \u201cTecnicaturas Superiores en Dise\u00f1o de Interiores y en Artes Visuales\u201d, otorgando t\u00edtulos Oficiales con Validez Nacional. A\u00f1os despu\u00e9s llegar\u00eda la designaci\u00f3n actual de Escuela Superior de Bellas Artes \u201cFernando Fader\u201d.<\/em><\/p>\n","protected":false},"excerpt":{"rendered":"<p>Breve Historia Institucional En la \u201cpampa gringa\u201d, se encuentra ubicada la ciudad de Bell Ville, antigua Posta de Fraile Muerto que se situaba sobre la ruta del Camino Real, actualmente en el Sudeste de la Provincia de C\u00f3rdoba. \u00a0Cuna de la invenci\u00f3n de la pelota de f\u00fatbol sin tiento, con la que se juega al &#8230; <a title=\"La Escuela\" class=\"read-more\" href=\"https:\/\/isfader-cba.infd.edu.ar\/sitio\/la-escuela\/\" aria-label=\"More on La Escuela\">[+]<\/a><\/p>\n","protected":false},"author":88,"featured_media":0,"parent":0,"menu_order":0,"comment_status":"closed","ping_status":"closed","template":"","meta":[],"acf":[],"_links":{"self":[{"href":"https:\/\/isfader-cba.infd.edu.ar\/sitio\/wp-json\/wp\/v2\/pages\/865"}],"collection":[{"href":"https:\/\/isfader-cba.infd.edu.ar\/sitio\/wp-json\/wp\/v2\/pages"}],"about":[{"href":"https:\/\/isfader-cba.infd.edu.ar\/sitio\/wp-json\/wp\/v2\/types\/page"}],"author":[{"embeddable":true,"href":"https:\/\/isfader-cba.infd.edu.ar\/sitio\/wp-json\/wp\/v2\/users\/88"}],"replies":[{"embeddable":true,"href":"https:\/\/isfader-cba.infd.edu.ar\/sitio\/wp-json\/wp\/v2\/comments?post=865"}],"version-history":[{"count":1,"href":"https:\/\/isfader-cba.infd.edu.ar\/sitio\/wp-json\/wp\/v2\/pages\/865\/revisions"}],"predecessor-version":[{"id":1001,"href":"https:\/\/isfader-cba.infd.edu.ar\/sitio\/wp-json\/wp\/v2\/pages\/865\/revisions\/1001"}],"wp:attachment":[{"href":"https:\/\/isfader-cba.infd.edu.ar\/sitio\/wp-json\/wp\/v2\/media?parent=865"}],"curies":[{"name":"wp","href":"https:\/\/api.w.org\/{rel}","templated":true}]}}